{"id":20,"date":"2025-06-30T14:37:02","date_gmt":"2025-06-30T14:37:02","guid":{"rendered":"http:\/\/site2.leirimael.com\/?page_id=20"},"modified":"2025-07-01T12:13:38","modified_gmt":"2025-07-01T12:13:38","slug":"quem-somos","status":"publish","type":"page","link":"http:\/\/site2.leirimael.com\/index.php\/quem-somos\/","title":{"rendered":"Quem somos"},"content":{"rendered":"\n<p>Fundada em <strong>2007<\/strong>, a <strong>Leirimael, Lda.<\/strong> \u00e9 uma empresa especializada no <strong>fornecimento de material para bobinagem de motores el\u00e9tricos<\/strong>, com mais de uma decada de experi\u00eancia ao servi\u00e7o dos profissionais do <strong>setor eletromec\u00e2nico<\/strong>.<br>Com um <strong>stock superior a 1000 artigos diferentes<\/strong> e uma rede de <strong>mais de 500 clientes ativos em Portugal Continental e ilhas<\/strong>, destacamo-nos pela nossa <strong>capacidade de resposta, fiabilidade e compromisso com a qualidade<\/strong> .<br>Oferecemos uma <strong>vasta gama de produtos<\/strong> desde fio de cobre esmaltado, cart\u00f5es isolantes, vernizes, empanques mec\u00e2nicos, cabos, telas, placas liga\u00e7\u00e3o e todo o tipo de acess\u00f3rios especificos para a bobinagem.<br>Sempre com o <strong>suporte de uma equipa experiente, pronta a prestar aconselhamento t\u00e9cnico e solu\u00e7\u00f5es \u00e0 medida<br>Leirimael<\/strong>, Lda. &#8211; Desde 2007, o seu parceiro no ramo das bobinagens.<\/p>\n\n\n\n<div class=\"alignnormal\"><div id=\"metaslider-id-93\" style=\"width: 100%;\" class=\"ml-slider-3-100-1 metaslider metaslider-flex metaslider-93 ml-slider hide-navigation-smartphone ms-theme-bubble has-carousel-mode has-dots-nav\" role=\"region\" aria-label=\"New Slideshow\" data-height=\"300\" data-width=\"700\">\n    <div id=\"metaslider_container_93\">\n        <div id=\"metaslider_93\">\n            <ul class='slides'>\n                <li style=\"display: none; width: 100%;\" class=\"slide-94 ms-image \" aria-roledescription=\"slide\" data-date=\"2025-07-01 10:18:32\"><img loading=\"lazy\" decoding=\"async\" src=\"http:\/\/site2.leirimael.com\/wp-content\/uploads\/2025\/07\/Captura-de-ecra-2025-07-01-103012.png\" height=\"300\" width=\"700\" alt=\"\" class=\"slider-93 slide-94 msDefaultImage\" title=\"Captura-de-ecra-2025-07-01-103012\" \/><\/li>\n                <li style=\"display: none; width: 100%;\" class=\"slide-95 ms-image \" aria-roledescription=\"slide\" data-date=\"2025-07-01 10:18:32\"><img loading=\"lazy\" decoding=\"async\" src=\"http:\/\/site2.leirimael.com\/wp-content\/uploads\/2025\/07\/Captura-de-ecra-2025-07-01-103024.png\" height=\"300\" width=\"700\" alt=\"\" class=\"slider-93 slide-95 msDefaultImage\" title=\"Captura-de-ecra-2025-07-01-103024\" \/><\/li>\n                <li style=\"display: none; width: 100%;\" class=\"slide-96 ms-image \" aria-roledescription=\"slide\" data-date=\"2025-07-01 10:18:32\"><img loading=\"lazy\" decoding=\"async\" src=\"http:\/\/site2.leirimael.com\/wp-content\/uploads\/2025\/07\/Captura-de-ecra-2025-07-01-103036.png\" height=\"300\" width=\"700\" alt=\"\" class=\"slider-93 slide-96 msDefaultImage\" title=\"Captura-de-ecra-2025-07-01-103036\" \/><\/li>\n                <li style=\"display: none; width: 100%;\" class=\"slide-97 ms-image \" aria-roledescription=\"slide\" data-date=\"2025-07-01 10:18:32\"><img loading=\"lazy\" decoding=\"async\" src=\"http:\/\/site2.leirimael.com\/wp-content\/uploads\/2025\/07\/Captura-de-ecra-2025-07-01-103049.png\" height=\"300\" width=\"700\" alt=\"\" class=\"slider-93 slide-97 msDefaultImage\" title=\"Captura-de-ecra-2025-07-01-103049\" \/><\/li>\n                <li style=\"display: none; width: 100%;\" class=\"slide-98 ms-image \" aria-roledescription=\"slide\" data-date=\"2025-07-01 10:18:32\"><img loading=\"lazy\" decoding=\"async\" src=\"http:\/\/site2.leirimael.com\/wp-content\/uploads\/2025\/07\/Captura-de-ecra-2025-07-01-103057.png\" height=\"300\" width=\"700\" alt=\"\" class=\"slider-93 slide-98 msDefaultImage\" title=\"Captura-de-ecra-2025-07-01-103057\" \/><\/li>\n                <li style=\"display: none; width: 100%;\" class=\"slide-99 ms-image \" aria-roledescription=\"slide\" data-date=\"2025-07-01 10:18:32\"><img loading=\"lazy\" decoding=\"async\" src=\"http:\/\/site2.leirimael.com\/wp-content\/uploads\/2025\/07\/Captura-de-ecra-2025-07-01-103109.png\" height=\"300\" width=\"700\" alt=\"\" class=\"slider-93 slide-99 msDefaultImage\" title=\"Captura-de-ecra-2025-07-01-103109\" \/><\/li>\n            <\/ul>\n        <\/div>\n        \n    <\/div>\n<\/div><\/div>\n","protected":false},"excerpt":{"rendered":"<p>Fundada em 2007, a Leirimael, Lda. \u00e9 uma empresa especializada no fornecimento de material para [&hellip;]<\/p>\n","protected":false},"author":1,"featured_media":0,"parent":0,"menu_order":0,"comment_status":"closed","ping_status":"closed","template":"","meta":{"footnotes":""},"class_list":["post-20","page","type-page","status-publish","hentry"],"_links":{"self":[{"href":"http:\/\/site2.leirimael.com\/index.php\/wp-json\/wp\/v2\/pages\/20","targetHints":{"allow":["GET"]}}],"collection":[{"href":"http:\/\/site2.leirimael.com\/index.php\/wp-json\/wp\/v2\/pages"}],"about":[{"href":"http:\/\/site2.leirimael.com\/index.php\/wp-json\/wp\/v2\/types\/page"}],"author":[{"embeddable":true,"href":"http:\/\/site2.leirimael.com\/index.php\/wp-json\/wp\/v2\/users\/1"}],"replies":[{"embeddable":true,"href":"http:\/\/site2.leirimael.com\/index.php\/wp-json\/wp\/v2\/comments?post=20"}],"version-history":[{"count":7,"href":"http:\/\/site2.leirimael.com\/index.php\/wp-json\/wp\/v2\/pages\/20\/revisions"}],"predecessor-version":[{"id":105,"href":"http:\/\/site2.leirimael.com\/index.php\/wp-json\/wp\/v2\/pages\/20\/revisions\/105"}],"wp:attachment":[{"href":"http:\/\/site2.leirimael.com\/index.php\/wp-json\/wp\/v2\/media?parent=20"}],"curies":[{"name":"wp","href":"https:\/\/api.w.org\/{rel}","templated":true}]}}